{"id":289,"date":"2016-11-04T13:00:22","date_gmt":"2016-11-04T13:00:22","guid":{"rendered":"http:\/\/oneofthesenights.de\/?page_id=289"},"modified":"2016-11-04T13:45:31","modified_gmt":"2016-11-04T13:45:31","slug":"impressum","status":"publish","type":"page","link":"http:\/\/oneofthesenights.de\/index.php\/impressum\/","title":{"rendered":"Impressum"},"content":{"rendered":"One of these Nights - An Eagles Tribute\r\n\r\nMarc Sauer\r\nBismarckstra\u00dfe 66\r\n66121 Saarbr\u00fccken\r\n\r\nTelefon: 0681\/3906747\r\nE-Mail: <a href=\"mailto:info@oneofthesenights.de\">info@oneofthesenights.de<\/a>\r\n\r\n&nbsp;\r\n\r\n<span class=\"_5yl5\">Vertretungsberechtigte Personen:<\/span> Marc Sauer\r\nInhaltlich Verantwortlicher gem\u00e4\u00df <span class=\"_5yl5\">\u00a7 5 TMG \/ \u00a7 55 RStV<\/span>: Marc Sauer\r\n\r\nDesign und technische Umsetzung: Marc Tonsen\r\n\r\n&nbsp;\r\n\r\nHaftungshinweis:\r\n\r\nTrotz sorgf\u00e4ltiger inhaltlicher Kontrolle \u00fcbernehmen wir keine Haftung f\u00fcr die Inhalte externer Links. F\u00fcr den Inhalt der verlinkten Seiten sind ausschlie\u00dflich deren Betreiber verantwortlich.","protected":false},"excerpt":{"rendered":"<p>One of these Nights &#8211; An Eagles Tribute Marc Sauer Bismarckstra\u00dfe 66 66121 Saarbr\u00fccken Telefon: 0681\/3906747 E-Mail: info@oneofthesenights.de &nbsp; Vertretungsberechtigte Personen: Marc Sauer Inhaltlich Verantwortlicher gem\u00e4\u00df \u00a7 5 TMG \/ \u00a7 55 RStV: Marc Sauer Design und technische Umsetzung: Marc <a class=\"more-link\" href=\"http:\/\/oneofthesenights.de\/index.php\/impressum\/\">Read More &#8230;<\/a><\/p>\n","protected":false},"author":1,"featured_media":0,"parent":0,"menu_order":0,"comment_status":"closed","ping_status":"closed","template":"","meta":[],"_links":{"self":[{"href":"http:\/\/oneofthesenights.de\/index.php\/wp-json\/wp\/v2\/pages\/289"}],"collection":[{"href":"http:\/\/oneofthesenights.de\/index.php\/wp-json\/wp\/v2\/pages"}],"about":[{"href":"http:\/\/oneofthesenights.de\/index.php\/wp-json\/wp\/v2\/types\/page"}],"author":[{"embeddable":true,"href":"http:\/\/oneofthesenights.de\/index.php\/wp-json\/wp\/v2\/users\/1"}],"replies":[{"embeddable":true,"href":"http:\/\/oneofthesenights.de\/index.php\/wp-json\/wp\/v2\/comments?post=289"}],"version-history":[{"count":6,"href":"http:\/\/oneofthesenights.de\/index.php\/wp-json\/wp\/v2\/pages\/289\/revisions"}],"predecessor-version":[{"id":296,"href":"http:\/\/oneofthesenights.de\/index.php\/wp-json\/wp\/v2\/pages\/289\/revisions\/296"}],"wp:attachment":[{"href":"http:\/\/oneofthesenights.de\/index.php\/wp-json\/wp\/v2\/media?parent=289"}],"curies":[{"name":"wp","href":"https:\/\/api.w.org\/{rel}","templated":true}]}}