{"id":101,"date":"2016-06-17T15:02:30","date_gmt":"2016-06-17T15:02:30","guid":{"rendered":"http:\/\/oneofthesenights.de\/?page_id=101"},"modified":"2016-10-13T13:20:47","modified_gmt":"2016-10-13T13:20:47","slug":"uber-uns","status":"publish","type":"page","link":"http:\/\/oneofthesenights.de\/index.php\/uber-uns\/","title":{"rendered":"About"},"content":{"rendered":"<div class=\"entry-content\">\r\n\r\n\n\t\t<style type=\"text\/css\">\n\t\t\t#gallery-1 {\n\t\t\t\tmargin: auto;\n\t\t\t}\n\t\t\t#gallery-1 .gallery-item {\n\t\t\t\tfloat: left;\n\t\t\t\tmargin-top: 10px;\n\t\t\t\ttext-align: center;\n\t\t\t\twidth: 50%;\n\t\t\t}\n\t\t\t#gallery-1 img {\n\t\t\t\tborder: 2px solid #cfcfcf;\n\t\t\t}\n\t\t\t#gallery-1 .gallery-caption {\n\t\t\t\tmargin-left: 0;\n\t\t\t}\n\t\t\t\/* see gallery_shortcode() in wp-includes\/media.php *\/\n\t\t<\/style>\n\t\t<div id='gallery-1' class='gallery galleryid-101 gallery-columns-2 gallery-size-medium'><dl class='gallery-item'>\n\t\t\t<dt class='gallery-icon landscape'>\n\t\t\t\t<img width=\"300\" height=\"207\" src=\"http:\/\/oneofthesenights.de\/wp-content\/uploads\/2016\/06\/057-300x207.jpg\" class=\"attachment-medium size-medium\" alt=\"\" decoding=\"async\" loading=\"lazy\" aria-describedby=\"gallery-1-121\" srcset=\"http:\/\/oneofthesenights.de\/wp-content\/uploads\/2016\/06\/057-300x207.jpg 300w, http:\/\/oneofthesenights.de\/wp-content\/uploads\/2016\/06\/057-768x529.jpg 768w, http:\/\/oneofthesenights.de\/wp-content\/uploads\/2016\/06\/057-1024x705.jpg 1024w\" sizes=\"(max-width: 300px) 100vw, 300px\" \/>\n\t\t\t<\/dt>\n\t\t\t\t<dd class='wp-caption-text gallery-caption' id='gallery-1-121'>\n\t\t\t\tJoe Smoke &#8211; Gesang, Gitarre\n\t\t\t\t<\/dd><\/dl><dl class='gallery-item'>\n\t\t\t<dt class='gallery-icon landscape'>\n\t\t\t\t<img width=\"300\" height=\"217\" src=\"http:\/\/oneofthesenights.de\/wp-content\/uploads\/2016\/04\/160-300x217.jpg\" class=\"attachment-medium size-medium\" alt=\"\" decoding=\"async\" loading=\"lazy\" aria-describedby=\"gallery-1-25\" srcset=\"http:\/\/oneofthesenights.de\/wp-content\/uploads\/2016\/04\/160-300x217.jpg 300w, http:\/\/oneofthesenights.de\/wp-content\/uploads\/2016\/04\/160-768x555.jpg 768w, http:\/\/oneofthesenights.de\/wp-content\/uploads\/2016\/04\/160-1024x739.jpg 1024w\" sizes=\"(max-width: 300px) 100vw, 300px\" \/>\n\t\t\t<\/dt>\n\t\t\t\t<dd class='wp-caption-text gallery-caption' id='gallery-1-25'>\n\t\t\t\tAmby Schillo &#8211; Gesang, Gitarre\n\t\t\t\t<\/dd><\/dl><br style=\"clear: both\" \/><dl class='gallery-item'>\n\t\t\t<dt class='gallery-icon landscape'>\n\t\t\t\t<img width=\"300\" height=\"200\" src=\"http:\/\/oneofthesenights.de\/wp-content\/uploads\/2016\/04\/076-300x200.jpg\" class=\"attachment-medium size-medium\" alt=\"\" decoding=\"async\" loading=\"lazy\" aria-describedby=\"gallery-1-23\" srcset=\"http:\/\/oneofthesenights.de\/wp-content\/uploads\/2016\/04\/076-300x200.jpg 300w, http:\/\/oneofthesenights.de\/wp-content\/uploads\/2016\/04\/076-768x511.jpg 768w, http:\/\/oneofthesenights.de\/wp-content\/uploads\/2016\/04\/076-1024x682.jpg 1024w\" sizes=\"(max-width: 300px) 100vw, 300px\" \/>\n\t\t\t<\/dt>\n\t\t\t\t<dd class='wp-caption-text gallery-caption' id='gallery-1-23'>\n\t\t\t\tMarc Sauer &#8211; Gitarre\n\t\t\t\t<\/dd><\/dl><dl class='gallery-item'>\n\t\t\t<dt class='gallery-icon landscape'>\n\t\t\t\t<img width=\"300\" height=\"201\" src=\"http:\/\/oneofthesenights.de\/wp-content\/uploads\/2016\/04\/074-300x201.jpg\" class=\"attachment-medium size-medium\" alt=\"\" decoding=\"async\" loading=\"lazy\" aria-describedby=\"gallery-1-22\" srcset=\"http:\/\/oneofthesenights.de\/wp-content\/uploads\/2016\/04\/074-300x201.jpg 300w, http:\/\/oneofthesenights.de\/wp-content\/uploads\/2016\/04\/074-768x515.jpg 768w, http:\/\/oneofthesenights.de\/wp-content\/uploads\/2016\/04\/074-1024x687.jpg 1024w\" sizes=\"(max-width: 300px) 100vw, 300px\" \/>\n\t\t\t<\/dt>\n\t\t\t\t<dd class='wp-caption-text gallery-caption' id='gallery-1-22'>\n\t\t\t\tRolf Siefert &#8211; Gitarre\n\t\t\t\t<\/dd><\/dl><br style=\"clear: both\" \/><dl class='gallery-item'>\n\t\t\t<dt class='gallery-icon landscape'>\n\t\t\t\t<img width=\"300\" height=\"217\" src=\"http:\/\/oneofthesenights.de\/wp-content\/uploads\/2016\/04\/002-300x217.jpg\" class=\"attachment-medium size-medium\" alt=\"\" decoding=\"async\" loading=\"lazy\" aria-describedby=\"gallery-1-26\" srcset=\"http:\/\/oneofthesenights.de\/wp-content\/uploads\/2016\/04\/002-300x217.jpg 300w, http:\/\/oneofthesenights.de\/wp-content\/uploads\/2016\/04\/002-768x555.jpg 768w, http:\/\/oneofthesenights.de\/wp-content\/uploads\/2016\/04\/002-1024x739.jpg 1024w\" sizes=\"(max-width: 300px) 100vw, 300px\" \/>\n\t\t\t<\/dt>\n\t\t\t\t<dd class='wp-caption-text gallery-caption' id='gallery-1-26'>\n\t\t\t\tAchim Schneider &#8211; Keyboard\n\t\t\t\t<\/dd><\/dl><dl class='gallery-item'>\n\t\t\t<dt class='gallery-icon landscape'>\n\t\t\t\t<img width=\"300\" height=\"200\" src=\"http:\/\/oneofthesenights.de\/wp-content\/uploads\/2016\/04\/042-300x200.jpg\" class=\"attachment-medium size-medium\" alt=\"\" decoding=\"async\" loading=\"lazy\" aria-describedby=\"gallery-1-21\" srcset=\"http:\/\/oneofthesenights.de\/wp-content\/uploads\/2016\/04\/042-300x200.jpg 300w, http:\/\/oneofthesenights.de\/wp-content\/uploads\/2016\/04\/042-768x511.jpg 768w, http:\/\/oneofthesenights.de\/wp-content\/uploads\/2016\/04\/042-1024x682.jpg 1024w\" sizes=\"(max-width: 300px) 100vw, 300px\" \/>\n\t\t\t<\/dt>\n\t\t\t\t<dd class='wp-caption-text gallery-caption' id='gallery-1-21'>\n\t\t\t\tStefan Engelmann &#8211; Bass\n\t\t\t\t<\/dd><\/dl><br style=\"clear: both\" \/><dl class='gallery-item'>\n\t\t\t<dt class='gallery-icon landscape'>\n\t\t\t\t<img width=\"300\" height=\"196\" src=\"http:\/\/oneofthesenights.de\/wp-content\/uploads\/2016\/04\/116-300x196.jpg\" class=\"attachment-medium size-medium\" alt=\"\" decoding=\"async\" loading=\"lazy\" aria-describedby=\"gallery-1-24\" srcset=\"http:\/\/oneofthesenights.de\/wp-content\/uploads\/2016\/04\/116-300x196.jpg 300w, http:\/\/oneofthesenights.de\/wp-content\/uploads\/2016\/04\/116-768x501.jpg 768w, http:\/\/oneofthesenights.de\/wp-content\/uploads\/2016\/04\/116-1024x668.jpg 1024w\" sizes=\"(max-width: 300px) 100vw, 300px\" \/>\n\t\t\t<\/dt>\n\t\t\t\t<dd class='wp-caption-text gallery-caption' id='gallery-1-24'>\n\t\t\t\tStephan Brandt &#8211; Schlagzeug\n\t\t\t\t<\/dd><\/dl>\n\t\t\t<br style='clear: both' \/>\n\t\t<\/div>\n\r\n\r\nEs herrscht eine besondere Atmosph\u00e4re im ausverkauften Zuschauersaal der Alten Feuerwache, an diesem Abend im Februar. Das Publikum wartet gespannt auf den ersten Auftritt einer Band, die mit dem Projekt \u201eOne of these nights\u201c endlich ein Versprechen einl\u00f6sen will\u2026 dann wird es dunkel und es erklingen die ersten Akkorde von \u201ePeaceful easy feeling\u201c...\r\n\r\nKaum eine andere Gruppe hat so viele Spuren im kollektiven musikalischen Ged\u00e4chtnis hinterlassen wie die \u201eEagles\u201c. Mit Songs wie \u201eHotel California\u201c, \u201eNew Kid in Town\u201c oder \u201eTequila Sunrise\u201c wurden die beiden Fl\u00fcgel des Adlers, Don Henley und Glenn Frey, zu einem der erfolgreichsten Songwriter-Duos der Rockgeschichte. Der Sound der \u201eEagles\u201c ist einzigartig; eine Verschmelzung von straightem Rock, klassischem Country und Bluegrass, mit gelegentlichen Ausfl\u00fcgen zu Disco und Pop. Unverwechselbares Markenzeichen dabei: filigranes handwerkliches K\u00f6nnen und perfekte mehrstimmige Gesangsharmonien. In den 70er Jahren feierten sie Triumphe, verkauften Platten in Platinauflage \u2013 und verkrachten sich f\u00fcrchterlich. Am Ende des Jahrzehnts standen sie schlie\u00dflich vor einem Scherbenhaufen und Don Henley meinte, es sei wahrscheinlicher dass \u201edie H\u00f6lle zufriere\u201c als dass es zu einer Reunion der Band kommen w\u00fcrde. Folgerichtig trug ihre umjubelte Comeback-Tournee 1994 den Namen \u201eHell freezes over\u201c. Doch nach dem Tod von Glenn Frey hat sich eines der gr\u00f6\u00dften Kapitel der Rockgeschichte nun endg\u00fcltig geschlossen.\r\n\r\nViele Musiker entdecken in den Songs der \u201eEagles\u201c etwas, das mit ihrem eigenen kreativen Schaffen zu tun hat; es ist das Wissen um die Bedeutung professionellen Handelns, die Beherrschung des Handwerks und die ewige Suche nach der einen Idee, die man braucht, um einen perfekten Song zu komponieren. So reifte auch bei einigen gestandenen Musikern aus dem Saarland sp\u00e4testens seit \u201eHell freezes over\u201c die Idee, einen Abend mit Songs der \u201eEagles\u201c zu gestalten.\r\n\r\nMehr als zwanzig Jahre sp\u00e4ter ist aus reiner Gedankenspielerei ist endlich Realit\u00e4t geworden. Am\u00a0 Ende dieses Februarabends tobt das Publikum, es folgt ein zweites nicht minder umjubeltes Konzert in der Alten Feuerwache \u2013 das Projekt \u201eOne of these nights\u201c hat Fahrt aufgenommen. Und es ist mehr als eine \u201eTribute\u201c-Veranstaltung: die Interpretation der Songs von den \u201eEagles\u201c ist gepr\u00e4gt durch den pers\u00f6nlichen musikalischen Horizont der Musiker \u2013 und jede Interpretation eines Eagles-Song sorgt f\u00fcr eine Bereicherung ihres eigenen Erfahrungsschatzes.\r\n\r\nDas macht \u201eOne of these nights\u201c zu einem einzigartigen Konzerterlebnis.\r\n\r\n<\/div>\r\n&nbsp;\r\n\r\n&nbsp;\r\n\r\n&nbsp;\r\n\r\n&nbsp;\r\n\r\n&nbsp;\r\n<div class=\"entry-content\">\r\n\r\n<em>Besonderer Dank geht an Holger Schr\u00f6der, Daniel Fuchs, Niklas Heimer, Florian Bley, Marc Tonsen und Jan Schr\u00f6der.<\/em>\r\n\r\n<\/div>","protected":false},"excerpt":{"rendered":"<p>Es herrscht eine besondere Atmosph\u00e4re im ausverkauften Zuschauersaal der Alten Feuerwache, an diesem Abend im Februar. Das Publikum wartet gespannt auf den ersten Auftritt einer Band, die mit dem Projekt \u201eOne of these nights\u201c endlich ein Versprechen einl\u00f6sen will\u2026 dann <a class=\"more-link\" href=\"http:\/\/oneofthesenights.de\/index.php\/uber-uns\/\">Read More &#8230;<\/a><\/p>\n","protected":false},"author":1,"featured_media":0,"parent":0,"menu_order":0,"comment_status":"closed","ping_status":"closed","template":"","meta":[],"_links":{"self":[{"href":"http:\/\/oneofthesenights.de\/index.php\/wp-json\/wp\/v2\/pages\/101"}],"collection":[{"href":"http:\/\/oneofthesenights.de\/index.php\/wp-json\/wp\/v2\/pages"}],"about":[{"href":"http:\/\/oneofthesenights.de\/index.php\/wp-json\/wp\/v2\/types\/page"}],"author":[{"embeddable":true,"href":"http:\/\/oneofthesenights.de\/index.php\/wp-json\/wp\/v2\/users\/1"}],"replies":[{"embeddable":true,"href":"http:\/\/oneofthesenights.de\/index.php\/wp-json\/wp\/v2\/comments?post=101"}],"version-history":[{"count":52,"href":"http:\/\/oneofthesenights.de\/index.php\/wp-json\/wp\/v2\/pages\/101\/revisions"}],"predecessor-version":[{"id":288,"href":"http:\/\/oneofthesenights.de\/index.php\/wp-json\/wp\/v2\/pages\/101\/revisions\/288"}],"wp:attachment":[{"href":"http:\/\/oneofthesenights.de\/index.php\/wp-json\/wp\/v2\/media?parent=101"}],"curies":[{"name":"wp","href":"https:\/\/api.w.org\/{rel}","templated":true}]}}